{"id":50,"date":"2023-06-12T06:43:50","date_gmt":"2023-06-12T06:43:50","guid":{"rendered":"https:\/\/lukio.tachyonet.eu\/?page_id=50"},"modified":"2023-11-13T09:30:40","modified_gmt":"2023-11-13T09:30:40","slug":"kuulumiset","status":"publish","type":"page","link":"https:\/\/lukio.pyhajoki.fi\/fi\/kuulumiset\/","title":{"rendered":"PYH\u00c4JOEN KUULUMISET"},"content":{"rendered":"\t\t<div data-elementor-type=\"wp-page\" data-elementor-id=\"50\" class=\"elementor elementor-50\">\n\t\t\t\t\t\t<section class=\"elementor-section elementor-top-section elementor-element elementor-element-52eef19 elementor-section-boxed elementor-section-height-default elementor-section-height-default\" data-id=\"52eef19\" data-element_type=\"section\" data-e-type=\"section\">\n\t\t\t\t\t\t<div class=\"elementor-container elementor-column-gap-default\">\n\t\t\t\t\t<div class=\"elementor-column elementor-col-100 elementor-top-column elementor-element elementor-element-e51f683\" data-id=\"e51f683\" data-element_type=\"column\" data-e-type=\"column\">\n\t\t\t<div class=\"elementor-widget-wrap elementor-element-populated\">\n\t\t\t\t\t\t<div class=\"elementor-element elementor-element-523830e elementor-widget elementor-widget-text-editor\" data-id=\"523830e\" data-element_type=\"widget\" data-e-type=\"widget\" data-widget_type=\"text-editor.default\">\n\t\t\t\t<div class=\"elementor-widget-container\">\n\t\t\t\t\t\t\t\t\t<p><span style=\"font-size: inherit;\">Pyh\u00e4joen Kuulumiset on Yrttiksen oppilaiden toimittama viikossa ilmestyv\u00e4 ilmaisjakelulehti, joka jaetaan jokaiseen talouteen Pyh\u00e4joen alueella kerran viikossa.<\/span><\/p><p><span style=\"text-decoration: underline;\"><em><a href=\"http:\/\/kuulumiset.pyhajoki.fi\/\" target=\"_blank\" rel=\"noopener\">Kuulumisten omat sivut<\/a><\/em><\/span><\/p>\t\t\t\t\t\t\t\t<\/div>\n\t\t\t\t<\/div>\n\t\t\t\t\t<\/div>\n\t\t<\/div>\n\t\t\t\t\t<\/div>\n\t\t<\/section>\n\t\t\t\t<section class=\"elementor-section elementor-top-section elementor-element elementor-element-2076d74 elementor-section-boxed elementor-section-height-default elementor-section-height-default\" data-id=\"2076d74\" data-element_type=\"section\" data-e-type=\"section\">\n\t\t\t\t\t\t<div class=\"elementor-container elementor-column-gap-default\">\n\t\t\t\t\t<div class=\"elementor-column elementor-col-50 elementor-top-column elementor-element elementor-element-7687bfa\" data-id=\"7687bfa\" data-element_type=\"column\" data-e-type=\"column\">\n\t\t\t<div class=\"elementor-widget-wrap elementor-element-populated\">\n\t\t\t\t\t\t<div class=\"elementor-element elementor-element-b43271a elementor-widget elementor-widget-html\" data-id=\"b43271a\" data-element_type=\"widget\" data-e-type=\"widget\" data-widget_type=\"html.default\">\n\t\t\t\t<div class=\"elementor-widget-container\">\n\t\t\t\t\t<!DOCTYPE html>\r\n<html>\r\n<head>\r\n    <script src=\"https:\/\/ajax.googleapis.com\/ajax\/libs\/jquery\/3.7.1\/jquery.min.js\"><\/script>\r\n<\/head>\r\n<body>\r\n\r\n    <script>\r\n        \/\/ Function to update the image source with the newest image URL\r\n        function updateImage() {\r\n            var imageUrl = 'https:\/\/i0.wp.com\/kuulumiset.pyhajoki.fi\/arkisto\/pdf\/uusinkuulumiset.jpg?' + Math.random();\r\n            jQuery('#kansi_img').attr('src', imageUrl);\r\n        }\r\n\r\n        \/\/ jQuery document ready function\r\n        jQuery(document).ready(function() {\r\n            \/\/ Initial update of the image source\r\n            updateImage();\r\n\r\n            \/\/ Add click event to redirect to the PDF link\r\n            jQuery('#kansi_img').click(function() {\r\n                window.location.href = 'http:\/\/kuulumiset.pyhajoki.fi\/arkisto\/pdf\/uusinkuulumiset.pdf';\r\n            });\r\n        });\r\n    <\/script>\r\n\r\n    <!-- Hyperlink around the image for redirection -->\r\n    <a href=\"http:\/\/kuulumiset.pyhajoki.fi\/arkisto\/pdf\/uusinkuulumiset.pdf\" target=\"_blank\">\r\n        <!-- Image element with initial src set to \"lataus.gif\" -->\r\n        <img fetchpriority=\"high\" decoding=\"async\" id=\"kansi_img\" src=\"lataus.gif\" width=\"400\" height=\"600\">\r\n    <\/a>\r\n\r\n<\/body>\r\n<\/html>\r\n\t\t\t\t<\/div>\n\t\t\t\t<\/div>\n\t\t\t\t\t<\/div>\n\t\t<\/div>\n\t\t\t\t<div class=\"elementor-column elementor-col-50 elementor-top-column elementor-element elementor-element-0c210dd\" data-id=\"0c210dd\" data-element_type=\"column\" data-e-type=\"column\">\n\t\t\t<div class=\"elementor-widget-wrap elementor-element-populated\">\n\t\t\t\t\t\t<div class=\"elementor-element elementor-element-a6fe414 elementor-widget elementor-widget-shortcode\" data-id=\"a6fe414\" data-element_type=\"widget\" data-e-type=\"widget\" data-widget_type=\"shortcode.default\">\n\t\t\t\t<div class=\"elementor-widget-container\">\n\t\t\t\t\t\t\t<div class=\"elementor-shortcode\">\n\n<div id=\"sb_youtube_sbyUCrNzQ7GTlXjUpPJGhTVIV1A1\" \n\t class=\"sb_youtube sby_layout_grid sby_col_1 sby_mob_col_1 sby_palette_inherit  sby_width_resp\" \n\tdata-feedid=\"sby_UCrNzQ7GTlXjUpPJGhTVIV1A#1\" \n\tdata-shortcode-atts=\"{&quot;feed&quot;:&quot;1&quot;}\" \n\tdata-cols=\"1\" \n\tdata-colsmobile=\"1\" \n\tdata-num=\"1\" \n\tdata-nummobile=\"1\" \n\tdata-channel-subscribers=\"113 subscribers\"\tdata-subscribe-btn=\"1\" \n\tdata-subscribe-btn-text=\"Subscribe\" \n\tdata_channel_header_colors =\"{&quot;channelName&quot;:&quot;&quot;,&quot;subscribeCount&quot;:&quot;&quot;,&quot;buttonBackground&quot;:&quot;&quot;,&quot;buttonText&quot;:&quot;&quot;}\"\n\t data-sby-flags=\"resizeDisable\" data-postid=\"50\" data-sby-supports-lightbox=\"1\" \n\t data-videocardlayout=\"vertical\" \n>\n\t        <div class=\"sby_items_wrap\" style=\"padding: 0px;\">\n\t\t<div class=\"sby_item  sby_new sby_transition\" id=\"sby_VVVyTnpRN0dUbFhqVXBQSkdoVFZJVjFBLlNtNXVSVDlJaXdN\" data-date=\"1774520188\" data-video-id=\"Sm5uRT9IiwM\">\n    <div class=\"sby_inner_item\">\n        <div class=\"sby_video_thumbnail_wrap sby_item_video_thumbnail_wrap\">\n            <a class=\"sby_video_thumbnail sby_item_video_thumbnail\" href=\"https:\/\/www.youtube.com\/watch?v=Sm5uRT9IiwM\" target=\"_blank\" rel=\"noopener\" data-full-res=\"https:\/\/i.ytimg.com\/vi\/Sm5uRT9IiwM\/maxresdefault.jpg\" data-img-src-set=\"{&quot;120&quot;:&quot;https:\\\/\\\/i.ytimg.com\\\/vi\\\/Sm5uRT9IiwM\\\/default.jpg&quot;,&quot;320&quot;:&quot;https:\\\/\\\/i.ytimg.com\\\/vi\\\/Sm5uRT9IiwM\\\/mqdefault.jpg&quot;,&quot;480&quot;:&quot;https:\\\/\\\/i.ytimg.com\\\/vi\\\/Sm5uRT9IiwM\\\/hqdefault.jpg&quot;,&quot;640&quot;:&quot;https:\\\/\\\/i.ytimg.com\\\/vi\\\/Sm5uRT9IiwM\\\/sddefault.jpg&quot;}\" data-video-id=\"Sm5uRT9IiwM\" data-video-title=\"KuulumisetTV: Pyh\u00e4joen kunnanjohtajan ajankohtaiskatsaus 25.3.2026\">\n                <img decoding=\"async\" src=\"https:\/\/lukio.pyhajoki.fi\/wp-content\/plugins\/feeds-for-youtube\/img\/placeholder.png\" alt=\"KuulumisetTV haastatteli kunnanjohtaja Matti Sorosta kev\u00e4\u00e4n ajankohtaisista asioista 25.3.3026.\">\n\n                <div class=\"sby_thumbnail_hover sby_item_video_thumbnail_hover\">\n                    <div class=\"sby_thumbnail_hover_inner\">\n                                                    <span class=\"sby_video_title\" >KuulumisetTV: Pyh\u00e4joen kunnanjohtajan ajankohtaiskatsaus 25.3.2026<\/span>\n                                            <\/div>\n                <\/div>\n\n                                    <div class=\"sby_play_btn\" >\n                        <span class=\"sby_play_btn_bg\"><\/span>\n                        <svg aria-hidden=\"true\" focusable=\"false\" data-prefix=\"fab\" data-icon=\"youtube\" role=\"img\" xmlns=\"http:\/\/www.w3.org\/2000\/svg\" viewBox=\"0 0 576 512\" class=\"svg-inline--fa fa-youtube fa-w-18\"><path fill=\"currentColor\" d=\"M549.655 124.083c-6.281-23.65-24.787-42.276-48.284-48.597C458.781 64 288 64 288 64S117.22 64 74.629 75.486c-23.497 6.322-42.003 24.947-48.284 48.597-11.412 42.867-11.412 132.305-11.412 132.305s0 89.438 11.412 132.305c6.281 23.65 24.787 41.5 48.284 47.821C117.22 448 288 448 288 448s170.78 0 213.371-11.486c23.497-6.321 42.003-24.171 48.284-47.821 11.412-42.867 11.412-132.305 11.412-132.305s0-89.438-11.412-132.305zm-317.51 213.508V175.185l142.739 81.205-142.739 81.201z\" class=\"\"><\/path><\/svg>                    <\/div>\n                                <span class=\"sby_loader sby_hidden\" style=\"background-color: rgb(255, 255, 255);\"><\/span>\n            <\/a>\n\n                    <\/div>\n    <\/div>\n<\/div>    <\/div>\n    \n\t<div class=\"sby_footer\">\n\n    <button type=\"button\" aria-label=\"Load more content\" class=\"sby_load_btn\"  >\n        <span class=\"sby_btn_text\" >Load More...<\/span>\n        <span class=\"sby_loader sby_hidden\" style=\"background-color: rgb(255, 255, 255);\"><\/span>\n    <\/button>\n\n    <span \n        class=\"sby_follow_btn\" \n            >\n        <a \n            href=\"https:\/\/www.youtube.com\/channel\/UCrNzQ7GTlXjUpPJGhTVIV1A\/\"\n             \n            target=\"_blank\" \n            rel=\"noopener\"\n        >\n            <svg aria-hidden=\"true\" focusable=\"false\" data-prefix=\"fab\" data-icon=\"youtube\" role=\"img\" xmlns=\"http:\/\/www.w3.org\/2000\/svg\" viewBox=\"0 0 576 512\" class=\"svg-inline--fa fa-youtube fa-w-18\"><path fill=\"currentColor\" d=\"M549.655 124.083c-6.281-23.65-24.787-42.276-48.284-48.597C458.781 64 288 64 288 64S117.22 64 74.629 75.486c-23.497 6.322-42.003 24.947-48.284 48.597-11.412 42.867-11.412 132.305-11.412 132.305s0 89.438 11.412 132.305c6.281 23.65 24.787 41.5 48.284 47.821C117.22 448 288 448 288 448s170.78 0 213.371-11.486c23.497-6.321 42.003-24.171 48.284-47.821 11.412-42.867 11.412-132.305 11.412-132.305s0-89.438-11.412-132.305zm-317.51 213.508V175.185l142.739 81.205-142.739 81.201z\" class=\"\"><\/path><\/svg>            <span  >\n                Subscribe            <\/span>\n        <\/a>\n    <\/span>\n<\/div>\n    \n\t\n<\/div>\n\n<style type=\"text\/css\">body #sb_youtube_sbyUCrNzQ7GTlXjUpPJGhTVIV1A1 .sby_caption_wrap .sby_caption { font-size: 13px !important}body #sb_youtube_sbyUCrNzQ7GTlXjUpPJGhTVIV1A1 .sby_follow_btn a:hover { box-shadow:inset 0 0 10px 20px rgb(255, 255, 255, .25) !important}body #sb_youtube_sbyUCrNzQ7GTlXjUpPJGhTVIV1A1[data-videostyle=boxed] .sby_items_wrap .sby_item .sby_inner_item { background-color: #ffffff !important}<\/style><\/div>\n\t\t\t\t\t\t<\/div>\n\t\t\t\t<\/div>\n\t\t\t\t\t<\/div>\n\t\t<\/div>\n\t\t\t\t\t<\/div>\n\t\t<\/section>\n\t\t\t\t<section class=\"elementor-section elementor-top-section elementor-element elementor-element-2a8f7fd elementor-section-boxed elementor-section-height-default elementor-section-height-default\" data-id=\"2a8f7fd\" data-element_type=\"section\" data-e-type=\"section\">\n\t\t\t\t\t\t<div class=\"elementor-container elementor-column-gap-default\">\n\t\t\t\t\t<div class=\"elementor-column elementor-col-50 elementor-top-column elementor-element elementor-element-2577b96\" data-id=\"2577b96\" data-element_type=\"column\" data-e-type=\"column\">\n\t\t\t<div class=\"elementor-widget-wrap\">\n\t\t\t\t\t\t\t<\/div>\n\t\t<\/div>\n\t\t\t\t<div class=\"elementor-column elementor-col-50 elementor-top-column elementor-element elementor-element-ebd3aed\" data-id=\"ebd3aed\" data-element_type=\"column\" data-e-type=\"column\">\n\t\t\t<div class=\"elementor-widget-wrap\">\n\t\t\t\t\t\t\t<\/div>\n\t\t<\/div>\n\t\t\t\t\t<\/div>\n\t\t<\/section>\n\t\t\t\t<section class=\"elementor-section elementor-top-section elementor-element elementor-element-ea4e88e elementor-section-boxed elementor-section-height-default elementor-section-height-default\" data-id=\"ea4e88e\" data-element_type=\"section\" data-e-type=\"section\">\n\t\t\t\t\t\t<div class=\"elementor-container elementor-column-gap-default\">\n\t\t\t\t\t<div class=\"elementor-column elementor-col-100 elementor-top-column elementor-element elementor-element-b6a76a6\" data-id=\"b6a76a6\" data-element_type=\"column\" data-e-type=\"column\">\n\t\t\t<div class=\"elementor-widget-wrap elementor-element-populated\">\n\t\t\t\t\t\t<section class=\"elementor-section elementor-inner-section elementor-element elementor-element-6ec9faa elementor-section-boxed elementor-section-height-default elementor-section-height-default\" data-id=\"6ec9faa\" data-element_type=\"section\" data-e-type=\"section\">\n\t\t\t\t\t\t<div class=\"elementor-container elementor-column-gap-default\">\n\t\t\t\t\t<div class=\"elementor-column elementor-col-50 elementor-inner-column elementor-element elementor-element-107dc60\" data-id=\"107dc60\" data-element_type=\"column\" data-e-type=\"column\">\n\t\t\t<div class=\"elementor-widget-wrap elementor-element-populated\">\n\t\t\t\t\t\t<div class=\"elementor-element elementor-element-b0ad396 elementor-widget elementor-widget-image\" data-id=\"b0ad396\" data-element_type=\"widget\" data-e-type=\"widget\" data-widget_type=\"image.default\">\n\t\t\t\t<div class=\"elementor-widget-container\">\n\t\t\t\t\t\t\t\t\t\t\t\t\t\t\t\t<a href=\"https:\/\/kuulumiset.tachyonet.eu\/2023\/01\/18\/kuulumiset-2023\/\" target=\"_blank\">\n\t\t\t\t\t\t\t<img decoding=\"async\" width=\"750\" height=\"750\" src=\"https:\/\/lukio.pyhajoki.fi\/wp-content\/uploads\/2023\/06\/IMG_4562-edited-1024x1024.jpg\" class=\"attachment-large size-large wp-image-193\" alt=\"\" srcset=\"https:\/\/lukio.pyhajoki.fi\/wp-content\/uploads\/2023\/06\/IMG_4562-edited-1024x1024.jpg 1024w, https:\/\/lukio.pyhajoki.fi\/wp-content\/uploads\/2023\/06\/IMG_4562-edited-300x300.jpg 300w, https:\/\/lukio.pyhajoki.fi\/wp-content\/uploads\/2023\/06\/IMG_4562-edited-150x150.jpg 150w, https:\/\/lukio.pyhajoki.fi\/wp-content\/uploads\/2023\/06\/IMG_4562-edited-768x768.jpg 768w, https:\/\/lukio.pyhajoki.fi\/wp-content\/uploads\/2023\/06\/IMG_4562-edited-1536x1536.jpg 1536w, https:\/\/lukio.pyhajoki.fi\/wp-content\/uploads\/2023\/06\/IMG_4562-edited-2048x2048.jpg 2048w\" sizes=\"(max-width: 750px) 100vw, 750px\" \/>\t\t\t\t\t\t\t\t<\/a>\n\t\t\t\t\t\t\t\t\t\t\t\t\t\t\t<\/div>\n\t\t\t\t<\/div>\n\t\t\t\t\t<\/div>\n\t\t<\/div>\n\t\t\t\t<div class=\"elementor-column elementor-col-50 elementor-inner-column elementor-element elementor-element-e4498a0\" data-id=\"e4498a0\" data-element_type=\"column\" data-e-type=\"column\">\n\t\t\t<div class=\"elementor-widget-wrap elementor-element-populated\">\n\t\t\t\t\t\t<div class=\"elementor-element elementor-element-ede31de elementor-widget elementor-widget-image\" data-id=\"ede31de\" data-element_type=\"widget\" data-e-type=\"widget\" data-widget_type=\"image.default\">\n\t\t\t\t<div class=\"elementor-widget-container\">\n\t\t\t\t\t\t\t\t\t\t\t\t\t\t\t\t<a href=\"https:\/\/kuulumiset.tachyonet.eu\/2022\/01\/19\/kuulumiset-2022\/\" target=\"_blank\">\n\t\t\t\t\t\t\t<img decoding=\"async\" width=\"381\" height=\"381\" src=\"https:\/\/lukio.pyhajoki.fi\/wp-content\/uploads\/2023\/06\/kuulu22-edited.jpg\" class=\"attachment-large size-large wp-image-127\" alt=\"\" srcset=\"https:\/\/lukio.pyhajoki.fi\/wp-content\/uploads\/2023\/06\/kuulu22-edited.jpg 381w, https:\/\/lukio.pyhajoki.fi\/wp-content\/uploads\/2023\/06\/kuulu22-edited-300x300.jpg 300w, https:\/\/lukio.pyhajoki.fi\/wp-content\/uploads\/2023\/06\/kuulu22-edited-150x150.jpg 150w\" sizes=\"(max-width: 381px) 100vw, 381px\" \/>\t\t\t\t\t\t\t\t<\/a>\n\t\t\t\t\t\t\t\t\t\t\t\t\t\t\t<\/div>\n\t\t\t\t<\/div>\n\t\t\t\t\t<\/div>\n\t\t<\/div>\n\t\t\t\t\t<\/div>\n\t\t<\/section>\n\t\t\t\t\t<\/div>\n\t\t<\/div>\n\t\t\t\t\t<\/div>\n\t\t<\/section>\n\t\t\t\t<section class=\"elementor-section elementor-top-section elementor-element elementor-element-e4449c1 elementor-section-boxed elementor-section-height-default elementor-section-height-default\" data-id=\"e4449c1\" data-element_type=\"section\" data-e-type=\"section\">\n\t\t\t\t\t\t<div class=\"elementor-container elementor-column-gap-default\">\n\t\t\t\t\t<div class=\"elementor-column elementor-col-100 elementor-top-column elementor-element elementor-element-59365c3\" data-id=\"59365c3\" data-element_type=\"column\" data-e-type=\"column\">\n\t\t\t<div class=\"elementor-widget-wrap elementor-element-populated\">\n\t\t\t\t\t\t<section class=\"elementor-section elementor-inner-section elementor-element elementor-element-cc9e81d elementor-section-boxed elementor-section-height-default elementor-section-height-default\" data-id=\"cc9e81d\" data-element_type=\"section\" data-e-type=\"section\">\n\t\t\t\t\t\t<div class=\"elementor-container elementor-column-gap-default\">\n\t\t\t\t\t<div class=\"elementor-column elementor-col-50 elementor-inner-column elementor-element elementor-element-bfddfa1\" data-id=\"bfddfa1\" data-element_type=\"column\" data-e-type=\"column\">\n\t\t\t<div class=\"elementor-widget-wrap elementor-element-populated\">\n\t\t\t\t\t\t<div class=\"elementor-element elementor-element-72114d8 elementor-widget elementor-widget-image\" data-id=\"72114d8\" data-element_type=\"widget\" data-e-type=\"widget\" data-widget_type=\"image.default\">\n\t\t\t\t<div class=\"elementor-widget-container\">\n\t\t\t\t\t\t\t\t\t\t\t\t\t\t\t\t<a href=\"https:\/\/kuulumiset.tachyonet.eu\/2021\/01\/12\/kuulumiset-2021\/\" target=\"_blank\">\n\t\t\t\t\t\t\t<img loading=\"lazy\" decoding=\"async\" width=\"492\" height=\"492\" src=\"https:\/\/lukio.pyhajoki.fi\/wp-content\/uploads\/2023\/06\/kuulu21-edited.jpg\" class=\"attachment-large size-large wp-image-129\" alt=\"\" srcset=\"https:\/\/lukio.pyhajoki.fi\/wp-content\/uploads\/2023\/06\/kuulu21-edited.jpg 492w, https:\/\/lukio.pyhajoki.fi\/wp-content\/uploads\/2023\/06\/kuulu21-edited-300x300.jpg 300w, https:\/\/lukio.pyhajoki.fi\/wp-content\/uploads\/2023\/06\/kuulu21-edited-150x150.jpg 150w\" sizes=\"(max-width: 492px) 100vw, 492px\" \/>\t\t\t\t\t\t\t\t<\/a>\n\t\t\t\t\t\t\t\t\t\t\t\t\t\t\t<\/div>\n\t\t\t\t<\/div>\n\t\t\t\t\t<\/div>\n\t\t<\/div>\n\t\t\t\t<div class=\"elementor-column elementor-col-50 elementor-inner-column elementor-element elementor-element-6b41ca7\" data-id=\"6b41ca7\" data-element_type=\"column\" data-e-type=\"column\">\n\t\t\t<div class=\"elementor-widget-wrap elementor-element-populated\">\n\t\t\t\t\t\t<div class=\"elementor-element elementor-element-fb1cb1b elementor-widget elementor-widget-image\" data-id=\"fb1cb1b\" data-element_type=\"widget\" data-e-type=\"widget\" data-widget_type=\"image.default\">\n\t\t\t\t<div class=\"elementor-widget-container\">\n\t\t\t\t\t\t\t\t\t\t\t\t\t\t\t\t<a href=\"https:\/\/kuulumiset.tachyonet.eu\/2020\/01\/19\/kuulumiset-2020\/\" target=\"_blank\">\n\t\t\t\t\t\t\t<img loading=\"lazy\" decoding=\"async\" width=\"508\" height=\"508\" src=\"https:\/\/lukio.pyhajoki.fi\/wp-content\/uploads\/2023\/06\/kuulu20-edited.jpg\" class=\"attachment-large size-large wp-image-131\" alt=\"\" srcset=\"https:\/\/lukio.pyhajoki.fi\/wp-content\/uploads\/2023\/06\/kuulu20-edited.jpg 508w, https:\/\/lukio.pyhajoki.fi\/wp-content\/uploads\/2023\/06\/kuulu20-edited-300x300.jpg 300w, https:\/\/lukio.pyhajoki.fi\/wp-content\/uploads\/2023\/06\/kuulu20-edited-150x150.jpg 150w\" sizes=\"(max-width: 508px) 100vw, 508px\" \/>\t\t\t\t\t\t\t\t<\/a>\n\t\t\t\t\t\t\t\t\t\t\t\t\t\t\t<\/div>\n\t\t\t\t<\/div>\n\t\t\t\t\t<\/div>\n\t\t<\/div>\n\t\t\t\t\t<\/div>\n\t\t<\/section>\n\t\t\t\t\t<\/div>\n\t\t<\/div>\n\t\t\t\t\t<\/div>\n\t\t<\/section>\n\t\t\t\t<section class=\"elementor-section elementor-top-section elementor-element elementor-element-b61f4bd elementor-section-boxed elementor-section-height-default elementor-section-height-default\" data-id=\"b61f4bd\" data-element_type=\"section\" data-e-type=\"section\">\n\t\t\t\t\t\t<div class=\"elementor-container elementor-column-gap-default\">\n\t\t\t\t\t<div class=\"elementor-column elementor-col-100 elementor-top-column elementor-element elementor-element-3d1ac29\" data-id=\"3d1ac29\" data-element_type=\"column\" data-e-type=\"column\">\n\t\t\t<div class=\"elementor-widget-wrap elementor-element-populated\">\n\t\t\t\t\t\t<div class=\"elementor-element elementor-element-28f709d elementor-widget elementor-widget-spacer\" data-id=\"28f709d\" data-element_type=\"widget\" data-e-type=\"widget\" data-widget_type=\"spacer.default\">\n\t\t\t\t<div class=\"elementor-widget-container\">\n\t\t\t\t\t\t\t<div class=\"elementor-spacer\">\n\t\t\t<div class=\"elementor-spacer-inner\"><\/div>\n\t\t<\/div>\n\t\t\t\t\t\t<\/div>\n\t\t\t\t<\/div>\n\t\t\t\t<div class=\"elementor-element elementor-element-dcd0363 elementor-align-center elementor-widget elementor-widget-button\" data-id=\"dcd0363\" data-element_type=\"widget\" data-e-type=\"widget\" data-widget_type=\"button.default\">\n\t\t\t\t<div class=\"elementor-widget-container\">\n\t\t\t\t\t\t\t\t\t<div class=\"elementor-button-wrapper\">\n\t\t\t\t\t<a class=\"elementor-button elementor-button-link elementor-size-lg\" href=\"https:\/\/kuulumiset.tachyonet.eu\/\" target=\"_blank\">\n\t\t\t\t\t\t<span class=\"elementor-button-content-wrapper\">\n\t\t\t\t\t\t\t\t\t<span class=\"elementor-button-text\">Lis\u00e4\u00e4 lehti\u00e4 t\u00e4\u00e4lt\u00e4!<\/span>\n\t\t\t\t\t<\/span>\n\t\t\t\t\t<\/a>\n\t\t\t\t<\/div>\n\t\t\t\t\t\t\t\t<\/div>\n\t\t\t\t<\/div>\n\t\t\t\t\t<\/div>\n\t\t<\/div>\n\t\t\t\t\t<\/div>\n\t\t<\/section>\n\t\t\t\t<section class=\"elementor-section elementor-top-section elementor-element elementor-element-92c8bc2 elementor-section-boxed elementor-section-height-default elementor-section-height-default\" data-id=\"92c8bc2\" data-element_type=\"section\" data-e-type=\"section\">\n\t\t\t\t\t\t<div class=\"elementor-container elementor-column-gap-default\">\n\t\t\t\t\t<div class=\"elementor-column elementor-col-100 elementor-top-column elementor-element elementor-element-fb0df9b\" data-id=\"fb0df9b\" data-element_type=\"column\" data-e-type=\"column\">\n\t\t\t<div class=\"elementor-widget-wrap elementor-element-populated\">\n\t\t\t\t\t\t<div class=\"elementor-element elementor-element-2e80d09 elementor-widget elementor-widget-spacer\" data-id=\"2e80d09\" data-element_type=\"widget\" data-e-type=\"widget\" data-widget_type=\"spacer.default\">\n\t\t\t\t<div class=\"elementor-widget-container\">\n\t\t\t\t\t\t\t<div class=\"elementor-spacer\">\n\t\t\t<div class=\"elementor-spacer-inner\"><\/div>\n\t\t<\/div>\n\t\t\t\t\t\t<\/div>\n\t\t\t\t<\/div>\n\t\t\t\t\t<\/div>\n\t\t<\/div>\n\t\t\t\t\t<\/div>\n\t\t<\/section>\n\t\t\t\t<section class=\"elementor-section elementor-top-section elementor-element elementor-element-7b81457 elementor-section-boxed elementor-section-height-default elementor-section-height-default\" data-id=\"7b81457\" data-element_type=\"section\" data-e-type=\"section\">\n\t\t\t\t\t\t<div class=\"elementor-container elementor-column-gap-default\">\n\t\t\t\t\t<div class=\"elementor-column elementor-col-100 elementor-top-column elementor-element elementor-element-254ab42\" data-id=\"254ab42\" data-element_type=\"column\" data-e-type=\"column\">\n\t\t\t<div class=\"elementor-widget-wrap\">\n\t\t\t\t\t\t\t<\/div>\n\t\t<\/div>\n\t\t\t\t\t<\/div>\n\t\t<\/section>\n\t\t\t\t<\/div>\n\t\t","protected":false},"excerpt":{"rendered":"<p>Pyh\u00e4joen Kuulumiset on Yrttiksen oppilaiden toimittama viikossa ilmestyv\u00e4 ilmaisjakelulehti, joka jaetaan jokaiseen talouteen Pyh\u00e4joen alueella kerran viikossa. Kuulumisten omat sivut Lis\u00e4\u00e4 lehti\u00e4 t\u00e4\u00e4lt\u00e4!<\/p>\n","protected":false},"author":6,"featured_media":0,"parent":0,"menu_order":0,"comment_status":"closed","ping_status":"closed","template":"","meta":{"footnotes":""},"class_list":["post-50","page","type-page","status-publish","hentry"],"jetpack_sharing_enabled":true,"_links":{"self":[{"href":"https:\/\/lukio.pyhajoki.fi\/fi\/wp-json\/wp\/v2\/pages\/50","targetHints":{"allow":["GET"]}}],"collection":[{"href":"https:\/\/lukio.pyhajoki.fi\/fi\/wp-json\/wp\/v2\/pages"}],"about":[{"href":"https:\/\/lukio.pyhajoki.fi\/fi\/wp-json\/wp\/v2\/types\/page"}],"author":[{"embeddable":true,"href":"https:\/\/lukio.pyhajoki.fi\/fi\/wp-json\/wp\/v2\/users\/6"}],"replies":[{"embeddable":true,"href":"https:\/\/lukio.pyhajoki.fi\/fi\/wp-json\/wp\/v2\/comments?post=50"}],"version-history":[{"count":136,"href":"https:\/\/lukio.pyhajoki.fi\/fi\/wp-json\/wp\/v2\/pages\/50\/revisions"}],"predecessor-version":[{"id":906,"href":"https:\/\/lukio.pyhajoki.fi\/fi\/wp-json\/wp\/v2\/pages\/50\/revisions\/906"}],"wp:attachment":[{"href":"https:\/\/lukio.pyhajoki.fi\/fi\/wp-json\/wp\/v2\/media?parent=50"}],"curies":[{"name":"wp","href":"https:\/\/api.w.org\/{rel}","templated":true}]}}