{"id":1027,"date":"2024-04-15T08:54:08","date_gmt":"2024-04-15T08:54:08","guid":{"rendered":"https:\/\/lukio.pyhajoki.fi\/?page_id=1027"},"modified":"2025-09-22T06:33:37","modified_gmt":"2025-09-22T06:33:37","slug":"messut","status":"publish","type":"page","link":"https:\/\/lukio.pyhajoki.fi\/fi\/messut\/","title":{"rendered":"MESSUT"},"content":{"rendered":"\t\t<div data-elementor-type=\"wp-page\" data-elementor-id=\"1027\" class=\"elementor elementor-1027\">\n\t\t\t\t\t\t<section class=\"elementor-section elementor-top-section elementor-element elementor-element-ecb0d4e elementor-section-boxed elementor-section-height-default elementor-section-height-default\" data-id=\"ecb0d4e\" data-element_type=\"section\" data-e-type=\"section\">\n\t\t\t\t\t\t<div class=\"elementor-container elementor-column-gap-default\">\n\t\t\t\t\t<div class=\"elementor-column elementor-col-100 elementor-top-column elementor-element elementor-element-e63b040\" data-id=\"e63b040\" data-element_type=\"column\" data-e-type=\"column\">\n\t\t\t<div class=\"elementor-widget-wrap elementor-element-populated\">\n\t\t\t\t\t\t<div class=\"elementor-element elementor-element-2de9133 elementor-widget elementor-widget-spacer\" data-id=\"2de9133\" data-element_type=\"widget\" data-e-type=\"widget\" data-widget_type=\"spacer.default\">\n\t\t\t\t<div class=\"elementor-widget-container\">\n\t\t\t\t\t\t\t<div class=\"elementor-spacer\">\n\t\t\t<div class=\"elementor-spacer-inner\"><\/div>\n\t\t<\/div>\n\t\t\t\t\t\t<\/div>\n\t\t\t\t<\/div>\n\t\t\t\t\t<\/div>\n\t\t<\/div>\n\t\t\t\t\t<\/div>\n\t\t<\/section>\n\t\t\t\t<section class=\"elementor-section elementor-top-section elementor-element elementor-element-052479e elementor-section-boxed elementor-section-height-default elementor-section-height-default\" data-id=\"052479e\" data-element_type=\"section\" data-e-type=\"section\">\n\t\t\t\t\t\t<div class=\"elementor-container elementor-column-gap-default\">\n\t\t\t\t\t<div class=\"elementor-column elementor-col-100 elementor-top-column elementor-element elementor-element-33f0935\" data-id=\"33f0935\" data-element_type=\"column\" data-e-type=\"column\">\n\t\t\t<div class=\"elementor-widget-wrap elementor-element-populated\">\n\t\t\t\t\t\t<div class=\"elementor-element elementor-element-af8d7c0 elementor-widget elementor-widget-video\" data-id=\"af8d7c0\" data-element_type=\"widget\" data-e-type=\"widget\" data-settings=\"{&quot;youtube_url&quot;:&quot;https:\\\/\\\/youtu.be\\\/0amC55M1osE?si=c1VAmZRqbUCbl61l&quot;,&quot;video_type&quot;:&quot;youtube&quot;,&quot;controls&quot;:&quot;yes&quot;}\" data-widget_type=\"video.default\">\n\t\t\t\t<div class=\"elementor-widget-container\">\n\t\t\t\t\t\t\t<div class=\"elementor-wrapper elementor-open-inline\">\n\t\t\t<div class=\"elementor-video\"><\/div>\t\t<\/div>\n\t\t\t\t\t\t<\/div>\n\t\t\t\t<\/div>\n\t\t\t\t\t<\/div>\n\t\t<\/div>\n\t\t\t\t\t<\/div>\n\t\t<\/section>\n\t\t\t\t<section class=\"elementor-section elementor-top-section elementor-element elementor-element-86cc828 elementor-section-boxed elementor-section-height-default elementor-section-height-default\" data-id=\"86cc828\" data-element_type=\"section\" data-e-type=\"section\">\n\t\t\t\t\t\t<div class=\"elementor-container elementor-column-gap-default\">\n\t\t\t\t\t<div class=\"elementor-column elementor-col-100 elementor-top-column elementor-element elementor-element-b290202\" data-id=\"b290202\" data-element_type=\"column\" data-e-type=\"column\">\n\t\t\t<div class=\"elementor-widget-wrap elementor-element-populated\">\n\t\t\t\t\t\t<div class=\"elementor-element elementor-element-e3848b3 elementor-widget elementor-widget-spacer\" data-id=\"e3848b3\" data-element_type=\"widget\" data-e-type=\"widget\" data-widget_type=\"spacer.default\">\n\t\t\t\t<div class=\"elementor-widget-container\">\n\t\t\t\t\t\t\t<div class=\"elementor-spacer\">\n\t\t\t<div class=\"elementor-spacer-inner\"><\/div>\n\t\t<\/div>\n\t\t\t\t\t\t<\/div>\n\t\t\t\t<\/div>\n\t\t\t\t\t<\/div>\n\t\t<\/div>\n\t\t\t\t\t<\/div>\n\t\t<\/section>\n\t\t\t\t<section class=\"elementor-section elementor-top-section elementor-element elementor-element-7a9dccd elementor-section-boxed elementor-section-height-default elementor-section-height-default\" data-id=\"7a9dccd\" data-element_type=\"section\" data-e-type=\"section\">\n\t\t\t\t\t\t<div class=\"elementor-container elementor-column-gap-default\">\n\t\t\t\t\t<div class=\"elementor-column elementor-col-66 elementor-top-column elementor-element elementor-element-b8243c0\" data-id=\"b8243c0\" data-element_type=\"column\" data-e-type=\"column\">\n\t\t\t<div class=\"elementor-widget-wrap elementor-element-populated\">\n\t\t\t\t\t\t<div class=\"elementor-element elementor-element-c04eeb2 elementor-widget elementor-widget-image\" data-id=\"c04eeb2\" data-element_type=\"widget\" data-e-type=\"widget\" data-widget_type=\"image.default\">\n\t\t\t\t<div class=\"elementor-widget-container\">\n\t\t\t\t\t\t\t\t\t\t\t\t\t\t\t<img fetchpriority=\"high\" decoding=\"async\" width=\"750\" height=\"500\" src=\"https:\/\/lukio.pyhajoki.fi\/wp-content\/uploads\/2024\/05\/IMG_2220-1024x683.jpg\" class=\"attachment-large size-large wp-image-1039\" alt=\"\" srcset=\"https:\/\/lukio.pyhajoki.fi\/wp-content\/uploads\/2024\/05\/IMG_2220-1024x683.jpg 1024w, https:\/\/lukio.pyhajoki.fi\/wp-content\/uploads\/2024\/05\/IMG_2220-300x200.jpg 300w, https:\/\/lukio.pyhajoki.fi\/wp-content\/uploads\/2024\/05\/IMG_2220-768x512.jpg 768w, https:\/\/lukio.pyhajoki.fi\/wp-content\/uploads\/2024\/05\/IMG_2220-1536x1024.jpg 1536w, https:\/\/lukio.pyhajoki.fi\/wp-content\/uploads\/2024\/05\/IMG_2220-2048x1365.jpg 2048w, https:\/\/lukio.pyhajoki.fi\/wp-content\/uploads\/2024\/05\/IMG_2220-18x12.jpg 18w, https:\/\/lukio.pyhajoki.fi\/wp-content\/uploads\/2024\/05\/IMG_2220-360x240.jpg 360w\" sizes=\"(max-width: 750px) 100vw, 750px\" \/>\t\t\t\t\t\t\t\t\t\t\t\t\t\t\t<\/div>\n\t\t\t\t<\/div>\n\t\t\t\t\t<\/div>\n\t\t<\/div>\n\t\t\t\t<div class=\"elementor-column elementor-col-33 elementor-top-column elementor-element elementor-element-2e509ab\" data-id=\"2e509ab\" data-element_type=\"column\" data-e-type=\"column\">\n\t\t\t<div class=\"elementor-widget-wrap elementor-element-populated\">\n\t\t\t\t\t\t<div class=\"elementor-element elementor-element-a733260 elementor-absolute elementor-widget elementor-widget-text-editor\" data-id=\"a733260\" data-element_type=\"widget\" data-e-type=\"widget\" data-settings=\"{&quot;_position&quot;:&quot;absolute&quot;}\" data-widget_type=\"text-editor.default\">\n\t\t\t\t<div class=\"elementor-widget-container\">\n\t\t\t\t\t\t\t\t\t<h6>Pyh\u00e4joen Messut on joka vuosi j\u00e4rjestett\u00e4v\u00e4 tapahtuma Pyh\u00e4joella. Tapahtumaa on j\u00e4rjestetty vuodesta 1994 asti, ja siit\u00e4 onkin muodostunut jo koko kansan odottama perinne. Messut ker\u00e4\u00e4 vuosittain noin 2 000 k\u00e4vij\u00e4\u00e4 Pyh\u00e4joelta sek\u00e4 l\u00e4hialueilta.<\/h6>\t\t\t\t\t\t\t\t<\/div>\n\t\t\t\t<\/div>\n\t\t\t\t\t<\/div>\n\t\t<\/div>\n\t\t\t\t\t<\/div>\n\t\t<\/section>\n\t\t\t\t<section class=\"elementor-section elementor-top-section elementor-element elementor-element-8ee8252 elementor-section-boxed elementor-section-height-default elementor-section-height-default\" data-id=\"8ee8252\" data-element_type=\"section\" data-e-type=\"section\">\n\t\t\t\t\t\t<div class=\"elementor-container elementor-column-gap-default\">\n\t\t\t\t\t<div class=\"elementor-column elementor-col-33 elementor-top-column elementor-element elementor-element-384e511\" data-id=\"384e511\" data-element_type=\"column\" data-e-type=\"column\">\n\t\t\t<div class=\"elementor-widget-wrap elementor-element-populated\">\n\t\t\t\t\t\t<div class=\"elementor-element elementor-element-bd99e5d elementor-absolute elementor-widget elementor-widget-text-editor\" data-id=\"bd99e5d\" data-element_type=\"widget\" data-e-type=\"widget\" data-settings=\"{&quot;_position&quot;:&quot;absolute&quot;}\" data-widget_type=\"text-editor.default\">\n\t\t\t\t<div class=\"elementor-widget-container\">\n\t\t\t\t\t\t\t\t\t<h6>Messuilla on vuosittain noin 60 n\u00e4ytteelleasettajaa. Messup\u00e4iv\u00e4n\u00e4 j\u00e4rjestet\u00e4\u00e4n my\u00f6s monenlaista ohjelmaa &#8211; musiikkiesityksi\u00e4, paneelikeskusteluja, muotin\u00e4yt\u00f6ksi\u00e4 ja paljon muuta!<\/h6>\t\t\t\t\t\t\t\t<\/div>\n\t\t\t\t<\/div>\n\t\t\t\t\t<\/div>\n\t\t<\/div>\n\t\t\t\t<div class=\"elementor-column elementor-col-66 elementor-top-column elementor-element elementor-element-a72ae56\" data-id=\"a72ae56\" data-element_type=\"column\" data-e-type=\"column\">\n\t\t\t<div class=\"elementor-widget-wrap elementor-element-populated\">\n\t\t\t\t\t\t<div class=\"elementor-element elementor-element-a1fa75e elementor-widget elementor-widget-image\" data-id=\"a1fa75e\" data-element_type=\"widget\" data-e-type=\"widget\" data-widget_type=\"image.default\">\n\t\t\t\t<div class=\"elementor-widget-container\">\n\t\t\t\t\t\t\t\t\t\t\t\t\t\t\t<img decoding=\"async\" width=\"750\" height=\"500\" src=\"https:\/\/lukio.pyhajoki.fi\/wp-content\/uploads\/2024\/05\/IMG_2179-1-1024x683.jpg\" class=\"attachment-large size-large wp-image-1038\" alt=\"\" srcset=\"https:\/\/lukio.pyhajoki.fi\/wp-content\/uploads\/2024\/05\/IMG_2179-1-1024x683.jpg 1024w, https:\/\/lukio.pyhajoki.fi\/wp-content\/uploads\/2024\/05\/IMG_2179-1-300x200.jpg 300w, https:\/\/lukio.pyhajoki.fi\/wp-content\/uploads\/2024\/05\/IMG_2179-1-768x512.jpg 768w, https:\/\/lukio.pyhajoki.fi\/wp-content\/uploads\/2024\/05\/IMG_2179-1-1536x1024.jpg 1536w, https:\/\/lukio.pyhajoki.fi\/wp-content\/uploads\/2024\/05\/IMG_2179-1-2048x1365.jpg 2048w, https:\/\/lukio.pyhajoki.fi\/wp-content\/uploads\/2024\/05\/IMG_2179-1-18x12.jpg 18w, https:\/\/lukio.pyhajoki.fi\/wp-content\/uploads\/2024\/05\/IMG_2179-1-360x240.jpg 360w\" sizes=\"(max-width: 750px) 100vw, 750px\" \/>\t\t\t\t\t\t\t\t\t\t\t\t\t\t\t<\/div>\n\t\t\t\t<\/div>\n\t\t\t\t\t<\/div>\n\t\t<\/div>\n\t\t\t\t\t<\/div>\n\t\t<\/section>\n\t\t\t\t<section class=\"elementor-section elementor-top-section elementor-element elementor-element-94f9f52 elementor-section-boxed elementor-section-height-default elementor-section-height-default\" data-id=\"94f9f52\" data-element_type=\"section\" data-e-type=\"section\">\n\t\t\t\t\t\t<div class=\"elementor-container elementor-column-gap-default\">\n\t\t\t\t\t<div class=\"elementor-column elementor-col-66 elementor-top-column elementor-element elementor-element-b6aaa96\" data-id=\"b6aaa96\" data-element_type=\"column\" data-e-type=\"column\">\n\t\t\t<div class=\"elementor-widget-wrap elementor-element-populated\">\n\t\t\t\t\t\t<div class=\"elementor-element elementor-element-3c2ae60 elementor-widget elementor-widget-image\" data-id=\"3c2ae60\" data-element_type=\"widget\" data-e-type=\"widget\" data-widget_type=\"image.default\">\n\t\t\t\t<div class=\"elementor-widget-container\">\n\t\t\t\t\t\t\t\t\t\t\t\t\t\t\t<img decoding=\"async\" width=\"750\" height=\"500\" src=\"https:\/\/lukio.pyhajoki.fi\/wp-content\/uploads\/2024\/05\/IMG_2226-1024x683.jpg\" class=\"attachment-large size-large wp-image-1045\" alt=\"\" srcset=\"https:\/\/lukio.pyhajoki.fi\/wp-content\/uploads\/2024\/05\/IMG_2226-1024x683.jpg 1024w, https:\/\/lukio.pyhajoki.fi\/wp-content\/uploads\/2024\/05\/IMG_2226-300x200.jpg 300w, https:\/\/lukio.pyhajoki.fi\/wp-content\/uploads\/2024\/05\/IMG_2226-768x512.jpg 768w, https:\/\/lukio.pyhajoki.fi\/wp-content\/uploads\/2024\/05\/IMG_2226-1536x1024.jpg 1536w, https:\/\/lukio.pyhajoki.fi\/wp-content\/uploads\/2024\/05\/IMG_2226-2048x1365.jpg 2048w, https:\/\/lukio.pyhajoki.fi\/wp-content\/uploads\/2024\/05\/IMG_2226-18x12.jpg 18w, https:\/\/lukio.pyhajoki.fi\/wp-content\/uploads\/2024\/05\/IMG_2226-360x240.jpg 360w\" sizes=\"(max-width: 750px) 100vw, 750px\" \/>\t\t\t\t\t\t\t\t\t\t\t\t\t\t\t<\/div>\n\t\t\t\t<\/div>\n\t\t\t\t\t<\/div>\n\t\t<\/div>\n\t\t\t\t<div class=\"elementor-column elementor-col-33 elementor-top-column elementor-element elementor-element-03a44a7\" data-id=\"03a44a7\" data-element_type=\"column\" data-e-type=\"column\">\n\t\t\t<div class=\"elementor-widget-wrap elementor-element-populated\">\n\t\t\t\t\t\t<div class=\"elementor-element elementor-element-92e9e9a elementor-absolute elementor-widget elementor-widget-text-editor\" data-id=\"92e9e9a\" data-element_type=\"widget\" data-e-type=\"widget\" data-settings=\"{&quot;_position&quot;:&quot;absolute&quot;}\" data-widget_type=\"text-editor.default\">\n\t\t\t\t<div class=\"elementor-widget-container\">\n\t\t\t\t\t\t\t\t\t<h6>Messut j\u00e4rjest\u00e4\u00e4 lukiomme toisen vuoden opiskelijat. Messujen j\u00e4rjest\u00e4minen onkin opiskelijoille &#8217;tekem\u00e4ll\u00e4 oppimista.&#8217; Messuilta saadut tulot menev\u00e4tkin t\u00e4ten suoraa opiskelijoiden opintomatkaan.<\/h6>\t\t\t\t\t\t\t\t<\/div>\n\t\t\t\t<\/div>\n\t\t\t\t\t<\/div>\n\t\t<\/div>\n\t\t\t\t\t<\/div>\n\t\t<\/section>\n\t\t\t\t<section class=\"elementor-section elementor-top-section elementor-element elementor-element-1c0ab23 elementor-section-boxed elementor-section-height-default elementor-section-height-default\" data-id=\"1c0ab23\" data-element_type=\"section\" data-e-type=\"section\">\n\t\t\t\t\t\t<div class=\"elementor-container elementor-column-gap-default\">\n\t\t\t\t\t<div class=\"elementor-column elementor-col-100 elementor-top-column elementor-element elementor-element-a516ad4\" data-id=\"a516ad4\" data-element_type=\"column\" data-e-type=\"column\">\n\t\t\t<div class=\"elementor-widget-wrap elementor-element-populated\">\n\t\t\t\t\t\t\t<\/div>\n\t\t<\/div>\n\t\t\t\t\t<\/div>\n\t\t<\/section>\n\t\t\t\t<section class=\"elementor-section elementor-top-section elementor-element elementor-element-3a528ee elementor-section-boxed elementor-section-height-default elementor-section-height-default\" data-id=\"3a528ee\" data-element_type=\"section\" data-e-type=\"section\">\n\t\t\t\t\t\t<div class=\"elementor-container elementor-column-gap-default\">\n\t\t\t\t\t<div class=\"elementor-column elementor-col-100 elementor-top-column elementor-element elementor-element-52d8a61\" data-id=\"52d8a61\" data-element_type=\"column\" data-e-type=\"column\">\n\t\t\t<div class=\"elementor-widget-wrap elementor-element-populated\">\n\t\t\t\t\t\t<div class=\"elementor-element elementor-element-1cba35f elementor-widget elementor-widget-heading\" data-id=\"1cba35f\" data-element_type=\"widget\" data-e-type=\"widget\" data-widget_type=\"heading.default\">\n\t\t\t\t<div class=\"elementor-widget-container\">\n\t\t\t\t\t<h2 class=\"elementor-heading-title elementor-size-default\">Messujen tekemist\u00e4 ja meininki\u00e4 p\u00e4\u00e4set seuraamaan somessa!<\/h2>\t\t\t\t<\/div>\n\t\t\t\t<\/div>\n\t\t\t\t\t<\/div>\n\t\t<\/div>\n\t\t\t\t\t<\/div>\n\t\t<\/section>\n\t\t\t\t<section class=\"elementor-section elementor-top-section elementor-element elementor-element-746308a elementor-section-boxed elementor-section-height-default elementor-section-height-default\" data-id=\"746308a\" data-element_type=\"section\" data-e-type=\"section\">\n\t\t\t\t\t\t<div class=\"elementor-container elementor-column-gap-default\">\n\t\t\t\t\t<div class=\"elementor-column elementor-col-50 elementor-top-column elementor-element elementor-element-5c11a57\" data-id=\"5c11a57\" data-element_type=\"column\" data-e-type=\"column\">\n\t\t\t<div class=\"elementor-widget-wrap elementor-element-populated\">\n\t\t\t\t\t\t<div class=\"elementor-element elementor-element-07fd269 elementor-widget elementor-widget-image\" data-id=\"07fd269\" data-element_type=\"widget\" data-e-type=\"widget\" data-widget_type=\"image.default\">\n\t\t\t\t<div class=\"elementor-widget-container\">\n\t\t\t\t\t\t\t\t\t\t\t\t\t\t\t\t<a href=\"https:\/\/www.facebook.com\/pyhajoenjoulumessut\" target=\"_blank\">\n\t\t\t\t\t\t\t<img loading=\"lazy\" decoding=\"async\" width=\"150\" height=\"150\" src=\"https:\/\/lukio.pyhajoki.fi\/wp-content\/uploads\/2024\/05\/face-150x150.png\" class=\"attachment-thumbnail size-thumbnail wp-image-1068\" alt=\"\" srcset=\"https:\/\/lukio.pyhajoki.fi\/wp-content\/uploads\/2024\/05\/face-150x150.png 150w, https:\/\/lukio.pyhajoki.fi\/wp-content\/uploads\/2024\/05\/face-300x300.png 300w, https:\/\/lukio.pyhajoki.fi\/wp-content\/uploads\/2024\/05\/face-12x12.png 12w, https:\/\/lukio.pyhajoki.fi\/wp-content\/uploads\/2024\/05\/face.png 640w\" sizes=\"(max-width: 150px) 100vw, 150px\" \/>\t\t\t\t\t\t\t\t<\/a>\n\t\t\t\t\t\t\t\t\t\t\t\t\t\t\t<\/div>\n\t\t\t\t<\/div>\n\t\t\t\t<div class=\"elementor-element elementor-element-fddf235 elementor-widget elementor-widget-text-editor\" data-id=\"fddf235\" data-element_type=\"widget\" data-e-type=\"widget\" data-widget_type=\"text-editor.default\">\n\t\t\t\t<div class=\"elementor-widget-container\">\n\t\t\t\t\t\t\t\t\t<h6 class=\"html-h1 xe8uvvx xdj266r x11i5rnm xat24cr x1mh8g0r xexx8yu x4uap5 x18d9i69 xkhd6sd x1vvkbs x1heor9g x1qlqyl8 x1pd3egz x1a2a7pz\">Pyh\u00e4joen syysmessut\u00a0<\/h6>\t\t\t\t\t\t\t\t<\/div>\n\t\t\t\t<\/div>\n\t\t\t\t\t<\/div>\n\t\t<\/div>\n\t\t\t\t<div class=\"elementor-column elementor-col-50 elementor-top-column elementor-element elementor-element-3b9ef5b\" data-id=\"3b9ef5b\" data-element_type=\"column\" data-e-type=\"column\">\n\t\t\t<div class=\"elementor-widget-wrap elementor-element-populated\">\n\t\t\t\t\t\t<div class=\"elementor-element elementor-element-e994dac elementor-widget elementor-widget-image\" data-id=\"e994dac\" data-element_type=\"widget\" data-e-type=\"widget\" data-widget_type=\"image.default\">\n\t\t\t\t<div class=\"elementor-widget-container\">\n\t\t\t\t\t\t\t\t\t\t\t\t\t\t\t\t<a href=\"https:\/\/www.instagram.com\/pyhajoensyysmessut\/\" target=\"_blank\">\n\t\t\t\t\t\t\t<img loading=\"lazy\" decoding=\"async\" width=\"150\" height=\"150\" src=\"https:\/\/lukio.pyhajoki.fi\/wp-content\/uploads\/2024\/05\/insta-150x150.png\" class=\"attachment-thumbnail size-thumbnail wp-image-1067\" alt=\"\" srcset=\"https:\/\/lukio.pyhajoki.fi\/wp-content\/uploads\/2024\/05\/insta-150x150.png 150w, https:\/\/lukio.pyhajoki.fi\/wp-content\/uploads\/2024\/05\/insta-300x300.png 300w, https:\/\/lukio.pyhajoki.fi\/wp-content\/uploads\/2024\/05\/insta-12x12.png 12w, https:\/\/lukio.pyhajoki.fi\/wp-content\/uploads\/2024\/05\/insta.png 640w\" sizes=\"(max-width: 150px) 100vw, 150px\" \/>\t\t\t\t\t\t\t\t<\/a>\n\t\t\t\t\t\t\t\t\t\t\t\t\t\t\t<\/div>\n\t\t\t\t<\/div>\n\t\t\t\t<div class=\"elementor-element elementor-element-e061e96 elementor-widget elementor-widget-text-editor\" data-id=\"e061e96\" data-element_type=\"widget\" data-e-type=\"widget\" data-widget_type=\"text-editor.default\">\n\t\t\t\t<div class=\"elementor-widget-container\">\n\t\t\t\t\t\t\t\t\t<h6 class=\"x1lliihq x1plvlek xryxfnj x1n2onr6 x193iq5w xeuugli x1fj9vlw x13faqbe x1vvkbs x1s928wv xhkezso x1gmr53x x1cpjm7i x1fgarty x1943h6x x1i0vuye x1ms8i2q xo1l8bm x5n08af x10wh9bi x1wdrske x8viiok x18hxmgj\" dir=\"auto\"><span class=\"x1lliihq x193iq5w x6ikm8r x10wlt62 xlyipyv xuxw1ft\">pyhajoensyysmessut<\/span><\/h6>\t\t\t\t\t\t\t\t<\/div>\n\t\t\t\t<\/div>\n\t\t\t\t\t<\/div>\n\t\t<\/div>\n\t\t\t\t\t<\/div>\n\t\t<\/section>\n\t\t\t\t<section class=\"elementor-section elementor-top-section elementor-element elementor-element-2c46e04 elementor-section-boxed elementor-section-height-default elementor-section-height-default\" data-id=\"2c46e04\" data-element_type=\"section\" data-e-type=\"section\">\n\t\t\t\t\t\t<div class=\"elementor-container elementor-column-gap-default\">\n\t\t\t\t\t<div class=\"elementor-column elementor-col-50 elementor-top-column elementor-element elementor-element-ffbba24\" data-id=\"ffbba24\" data-element_type=\"column\" data-e-type=\"column\">\n\t\t\t<div class=\"elementor-widget-wrap\">\n\t\t\t\t\t\t\t<\/div>\n\t\t<\/div>\n\t\t\t\t<div class=\"elementor-column elementor-col-50 elementor-top-column elementor-element elementor-element-f351c4d\" data-id=\"f351c4d\" data-element_type=\"column\" data-e-type=\"column\">\n\t\t\t<div class=\"elementor-widget-wrap\">\n\t\t\t\t\t\t\t<\/div>\n\t\t<\/div>\n\t\t\t\t\t<\/div>\n\t\t<\/section>\n\t\t\t\t<\/div>\n\t\t","protected":false},"excerpt":{"rendered":"<p>Pyh\u00e4joen Messut on joka vuosi j\u00e4rjestett\u00e4v\u00e4 tapahtuma Pyh\u00e4joella. Tapahtumaa on j\u00e4rjestetty vuodesta 1994 asti, ja siit\u00e4 onkin muodostunut jo koko kansan odottama perinne. Messut ker\u00e4\u00e4 vuosittain noin 2 000 k\u00e4vij\u00e4\u00e4 Pyh\u00e4joelta sek\u00e4 l\u00e4hialueilta. Messuilla on vuosittain noin 60 n\u00e4ytteelleasettajaa. Messup\u00e4iv\u00e4n\u00e4 j\u00e4rjestet\u00e4\u00e4n my\u00f6s monenlaista ohjelmaa &#8211; musiikkiesityksi\u00e4, paneelikeskusteluja, muotin\u00e4yt\u00f6ksi\u00e4 ja paljon [&hellip;]<\/p>\n","protected":false},"author":2,"featured_media":0,"parent":0,"menu_order":0,"comment_status":"closed","ping_status":"closed","template":"page-templates\/template-fullwidth.php","meta":{"footnotes":""},"class_list":["post-1027","page","type-page","status-publish","hentry"],"jetpack_sharing_enabled":true,"_links":{"self":[{"href":"https:\/\/lukio.pyhajoki.fi\/fi\/wp-json\/wp\/v2\/pages\/1027","targetHints":{"allow":["GET"]}}],"collection":[{"href":"https:\/\/lukio.pyhajoki.fi\/fi\/wp-json\/wp\/v2\/pages"}],"about":[{"href":"https:\/\/lukio.pyhajoki.fi\/fi\/wp-json\/wp\/v2\/types\/page"}],"author":[{"embeddable":true,"href":"https:\/\/lukio.pyhajoki.fi\/fi\/wp-json\/wp\/v2\/users\/2"}],"replies":[{"embeddable":true,"href":"https:\/\/lukio.pyhajoki.fi\/fi\/wp-json\/wp\/v2\/comments?post=1027"}],"version-history":[{"count":29,"href":"https:\/\/lukio.pyhajoki.fi\/fi\/wp-json\/wp\/v2\/pages\/1027\/revisions"}],"predecessor-version":[{"id":1226,"href":"https:\/\/lukio.pyhajoki.fi\/fi\/wp-json\/wp\/v2\/pages\/1027\/revisions\/1226"}],"wp:attachment":[{"href":"https:\/\/lukio.pyhajoki.fi\/fi\/wp-json\/wp\/v2\/media?parent=1027"}],"curies":[{"name":"wp","href":"https:\/\/api.w.org\/{rel}","templated":true}]}}