{"id":168,"date":"2023-06-12T10:33:16","date_gmt":"2023-06-12T10:33:16","guid":{"rendered":"https:\/\/lukio.tachyonet.eu\/?page_id=168"},"modified":"2026-02-16T06:37:00","modified_gmt":"2026-02-16T06:37:00","slug":"info","status":"publish","type":"page","link":"https:\/\/lukio.pyhajoki.fi\/en\/koti-2\/info\/","title":{"rendered":"INFO"},"content":{"rendered":"<div data-elementor-type=\"wp-page\" data-elementor-id=\"168\" class=\"elementor elementor-168\">\n\t\t\t\t\t\t<section class=\"elementor-section elementor-top-section elementor-element elementor-element-7fcb51e elementor-section-boxed elementor-section-height-default elementor-section-height-default\" data-id=\"7fcb51e\" data-element_type=\"section\" data-e-type=\"section\">\n\t\t\t\t\t\t<div class=\"elementor-container elementor-column-gap-default\">\n\t\t\t\t\t<div class=\"elementor-column elementor-col-100 elementor-top-column elementor-element elementor-element-7286893\" data-id=\"7286893\" data-element_type=\"column\" data-e-type=\"column\">\n\t\t\t<div class=\"elementor-widget-wrap elementor-element-populated\">\n\t\t\t\t\t\t<div class=\"elementor-element elementor-element-ee00904 elementor-widget elementor-widget-image\" data-id=\"ee00904\" data-element_type=\"widget\" data-e-type=\"widget\" data-widget_type=\"image.default\">\n\t\t\t\t<div class=\"elementor-widget-container\">\n\t\t\t\t\t\t\t\t\t\t\t\t\t\t\t<img fetchpriority=\"high\" decoding=\"async\" width=\"750\" height=\"393\" src=\"https:\/\/lukio.pyhajoki.fi\/wp-content\/uploads\/2025\/06\/ohje-1024x537.jpg\" class=\"attachment-large size-large wp-image-1176\" alt=\"\" srcset=\"https:\/\/lukio.pyhajoki.fi\/wp-content\/uploads\/2025\/06\/ohje-1024x537.jpg 1024w, https:\/\/lukio.pyhajoki.fi\/wp-content\/uploads\/2025\/06\/ohje-300x157.jpg 300w, https:\/\/lukio.pyhajoki.fi\/wp-content\/uploads\/2025\/06\/ohje-768x403.jpg 768w, https:\/\/lukio.pyhajoki.fi\/wp-content\/uploads\/2025\/06\/ohje-1536x806.jpg 1536w, https:\/\/lukio.pyhajoki.fi\/wp-content\/uploads\/2025\/06\/ohje-18x9.jpg 18w, https:\/\/lukio.pyhajoki.fi\/wp-content\/uploads\/2025\/06\/ohje.jpg 1916w\" sizes=\"(max-width: 750px) 100vw, 750px\" \/>\t\t\t\t\t\t\t\t\t\t\t\t\t\t\t<\/div>\n\t\t\t\t<\/div>\n\t\t\t\t\t<\/div>\n\t\t<\/div>\n\t\t\t\t\t<\/div>\n\t\t<\/section>\n\t\t\t\t<section class=\"elementor-section elementor-top-section elementor-element elementor-element-548774ce elementor-section-boxed elementor-section-height-default elementor-section-height-default\" data-id=\"548774ce\" data-element_type=\"section\" data-e-type=\"section\">\n\t\t\t\t\t\t<div class=\"elementor-container elementor-column-gap-default\">\n\t\t\t\t\t<div class=\"elementor-column elementor-col-100 elementor-top-column elementor-element elementor-element-498deee7\" data-id=\"498deee7\" data-element_type=\"column\" data-e-type=\"column\">\n\t\t\t<div class=\"elementor-widget-wrap elementor-element-populated\">\n\t\t\t\t\t\t<div class=\"elementor-element elementor-element-7368b2cc elementor-widget__width-initial elementor-widget elementor-widget-text-editor\" data-id=\"7368b2cc\" data-element_type=\"widget\" data-e-type=\"widget\" data-widget_type=\"text-editor.default\">\n\t\t\t\t<div class=\"elementor-widget-container\">\n\t\t\t\t\t\t\t\t\t<h2 style=\"color: #3c4858;\"><\/h2>\n<h2 style=\"color: #3c4858;\">Where can you find us<\/h2>\n<p style=\"color: #3c4858;\"><span style=\"font-family: Montserrat; font-size: inherit;\">Osoite: Koulutie 8, 86100 Pyh\u00e4joki (kartassa ajoreitti sinisell\u00e4)<\/span><\/p>\n<p><!-- \/wp:paragraph --><\/p>\n<p><!-- wp:paragraph --><\/p>\n<p>Driving instructions<\/p>\n<p><!-- \/wp:paragraph --><\/p>\n<p><!-- wp:paragraph --><\/p>\n<p><strong>From North:<\/strong> From road number 8, take a turn towards Vanhatie. Drive along until you find Koulutie.<\/p>\n<p><!-- \/wp:paragraph --><\/p>\n<p><!-- wp:paragraph --><\/p>\n<p><strong>From South:<\/strong> From road number 8, take a turn towards Etel\u00e4nkyl\u00e4ntie. Take a right at the Etel\u00e4nkyl\u00e4 Bridge and drive along until you find Koulutie.<\/p>\n<p><!-- \/wp:paragraph --><\/p>\n<p><!-- wp:heading --><\/p>\n<h2>38. Lukuvuosi 07.08.2025-30.5.2026<\/h2>\n<p><!-- \/wp:heading --><\/p>\n<p><!-- wp:paragraph --><\/p>\n<p>Jaksojen ajat:<br>I 07.08.25 &#8211; 29.09.25<br>II 30.09.25 &#8211; 26.11.25<br>III 27.11.25 &#8211; 02.02.26<br>IV 03.02.26 &#8211; 01.04.26<br>V 02.04.26 &#8211; 30.05.26<br>Kev\u00e4tlukukausi alkaa 07.01.2025<\/p>\n<p><!-- \/wp:paragraph --><\/p>\n<p><!-- wp:paragraph --><\/p>\n<p>Vapaap\u00e4iv\u00e4t:<br>Syysloma (vk 43)<br>Joululoma 21.12. 2025-6.1.2026<br>Talviloma (vk 10)<br>P\u00e4\u00e4si\u00e4inen 3.4.-6.4.<br>Vappu 1.5.&nbsp;<br><span>Helatorstai 14.5. ja sen j\u00e4lkeinen perjantai 15.5.<\/span><\/p>\n<p><!-- \/wp:paragraph --><\/p>\n<p><!-- wp:heading --><\/p>\n<h2>Staff<\/h2>\n<p><!-- \/wp:heading --><\/p>\n<p><!-- wp:paragraph --><\/p>\n<p>Headmaster: <strong>Tero Niemi<\/strong>, puh. 040 359 6161 \/ 040 359 6162<br>Secretary <strong>Maarit Rauhala<\/strong>, puh. 040 359 6160<br>Opinto-ohjaaja: <strong>Aulikki J\u00e4rviluoma<\/strong>, puh. 040 359 6112<br>Cleaning: <strong>Tarja Ruotsalainen<\/strong>, puh 040 6533886<br>Terveydenhoitaja:<strong> Paula Lammi<\/strong>, puh. 040 135 8019 (Saaren koulu) paula.lammi@pohde.fi<\/p>\n<p><!-- \/wp:paragraph --><\/p>\n<p><!-- wp:paragraph --><\/p>\n<p>Psykologi <strong>Kirsti M\u00e4ki <\/strong>puh. 040 318 5368 tai Wilman kautta<br>Koulukuraattori <strong>Maija Helaakoski<\/strong> puh. 040 359 6113 tai Wilman kautta<\/p>\n<p><!-- \/wp:paragraph --><\/p>\n<p><!-- wp:paragraph --><\/p>\n<p>Newspaper editor, puh. 040 359 6166, kuulumiset@pyhajoki.fi<br>Chief editor <strong>Sari Hid\u00e9n<\/strong>, puh. 040 359 6165<br>taloussihteeri <strong>Maarit Rauhala<\/strong>, puh. 040 359 6160<\/p>\n<p><!-- \/wp:paragraph --><\/p>\n<p><!-- wp:heading --><\/p>\n<h2>List of teachers<\/h2>\n<p><!-- \/wp:heading --><\/p>\n<p><!-- wp:paragraph --><\/p>\n<p><strong>Ervasti Samuli<\/strong>, FI, UE, YH<strong><br>Hid\u00e9n Sari<\/strong>, AI, IT<strong><br>Hirvikoski Mirella<\/strong>, KU, S2 (virkavapaalla LV.25-26)<br><strong>Juntunen Antti<\/strong>, GE<br><strong>J\u00e4rviluoma Aulikki,<\/strong> OPO<br><strong>Kestil\u00e4 Katja<\/strong>, RU, SA<br><strong>Lapinkangas Minna<\/strong>, EN, HI<br><strong>Luimula Anu<\/strong>, FY, MA<br><strong>Lukkarinen Tiina<\/strong>, BI, GE, KE<br><strong>Malinen Sami<\/strong>, LI, TT<br><strong>Mattanen Juha<\/strong>, MAA, AT<br><strong>Niemi Tero<\/strong>, HI, YH<strong><br>Suni-Lajunen, Riikka<\/strong>, MU<strong><br>Tahko, Raisa<\/strong>, KU, S2<br><strong>Ukonsaari, Heini<\/strong>, PS<\/p>\n<p><span style=\"font-size: inherit;\">Emails: firstname.lastname@edu.pyhajoki.fi<\/span><\/p>\n<p><!-- \/wp:paragraph --><\/p>\t\t\t\t\t\t\t\t<\/div>\n\t\t\t\t<\/div>\n\t\t\t\t\t<\/div>\n\t\t<\/div>\n\t\t\t\t\t<\/div>\n\t\t<\/section>\n\t\t\t\t<section class=\"elementor-section elementor-top-section elementor-element elementor-element-94c2114 elementor-section-boxed elementor-section-height-default elementor-section-height-default\" data-id=\"94c2114\" data-element_type=\"section\" data-e-type=\"section\">\n\t\t\t\t\t\t<div class=\"elementor-container elementor-column-gap-default\">\n\t\t\t\t\t<div class=\"elementor-column elementor-col-100 elementor-top-column elementor-element elementor-element-18291e9\" data-id=\"18291e9\" data-element_type=\"column\" data-e-type=\"column\">\n\t\t\t<div class=\"elementor-widget-wrap\">\n\t\t\t\t\t\t\t<\/div>\n\t\t<\/div>\n\t\t\t\t\t<\/div>\n\t\t<\/section>\n\t\t\t\t<\/div>","protected":false},"excerpt":{"rendered":"<p>Mist\u00e4 meid\u00e4t l\u00f6yt\u00e4\u00e4 Osoite: Koulutie 8, 86100 Pyh\u00e4joki (kartassa ajoreitti sinisell\u00e4) Ajo-ohjeet: Pohjoisesta: K\u00e4\u00e4nny 8-tielt\u00e4 Vanhatielle. Aja Vanhatiet\u00e4 kunnes saavut Koulutien risteykseen. Etel\u00e4st\u00e4: K\u00e4\u00e4nny 8-tielt\u00e4 Etel\u00e4nkyl\u00e4ntielle. K\u00e4\u00e4nny oikeaan Etel\u00e4nkyl\u00e4n sillalle ja aja Vanhatiet\u00e4 Koulutien risteykseen saakka. 38. Lukuvuosi 07.08.2025-30.5.2026 Jaksojen ajat:I 07.08.25 &#8211; 29.09.25II 30.09.25 &#8211; 26.11.25III 27.11.25 &#8211; 02.02.26IV [&hellip;]<\/p>\n","protected":false},"author":2,"featured_media":0,"parent":162,"menu_order":0,"comment_status":"closed","ping_status":"closed","template":"","meta":{"footnotes":""},"class_list":["post-168","page","type-page","status-publish","hentry"],"jetpack_sharing_enabled":true,"_links":{"self":[{"href":"https:\/\/lukio.pyhajoki.fi\/en\/wp-json\/wp\/v2\/pages\/168","targetHints":{"allow":["GET"]}}],"collection":[{"href":"https:\/\/lukio.pyhajoki.fi\/en\/wp-json\/wp\/v2\/pages"}],"about":[{"href":"https:\/\/lukio.pyhajoki.fi\/en\/wp-json\/wp\/v2\/types\/page"}],"author":[{"embeddable":true,"href":"https:\/\/lukio.pyhajoki.fi\/en\/wp-json\/wp\/v2\/users\/2"}],"replies":[{"embeddable":true,"href":"https:\/\/lukio.pyhajoki.fi\/en\/wp-json\/wp\/v2\/comments?post=168"}],"version-history":[{"count":69,"href":"https:\/\/lukio.pyhajoki.fi\/en\/wp-json\/wp\/v2\/pages\/168\/revisions"}],"predecessor-version":[{"id":1253,"href":"https:\/\/lukio.pyhajoki.fi\/en\/wp-json\/wp\/v2\/pages\/168\/revisions\/1253"}],"up":[{"embeddable":true,"href":"https:\/\/lukio.pyhajoki.fi\/en\/wp-json\/wp\/v2\/pages\/162"}],"wp:attachment":[{"href":"https:\/\/lukio.pyhajoki.fi\/en\/wp-json\/wp\/v2\/media?parent=168"}],"curies":[{"name":"wp","href":"https:\/\/api.w.org\/{rel}","templated":true}]}}